{"id":52,"date":"2021-03-30T15:37:43","date_gmt":"2021-03-30T18:37:43","guid":{"rendered":"https:\/\/solarengine.com.br\/index.php\/solar-energy\/"},"modified":"2022-05-30T18:50:48","modified_gmt":"2022-05-30T21:50:48","slug":"solar-energy","status":"publish","type":"page","link":"https:\/\/solarengine.com.br\/index.php\/solar-energy\/","title":{"rendered":""},"content":{"rendered":"\t\t<div data-elementor-type=\"wp-page\" data-elementor-id=\"52\" class=\"elementor elementor-52\" data-elementor-settings=\"[]\">\n\t\t\t\t\t\t\t<div class=\"elementor-section-wrap\">\n\t\t\t\t\t\t\t<section class=\"elementor-section elementor-top-section elementor-element elementor-element-7c9329c elementor-section-boxed elementor-section-height-default elementor-section-height-default\" data-id=\"7c9329c\" data-element_type=\"section\">\n\t\t\t\t\t\t<div class=\"elementor-container elementor-column-gap-default\">\n\t\t\t\t\t<div class=\"elementor-column elementor-col-100 elementor-top-column elementor-element elementor-element-33485bb\" data-id=\"33485bb\" data-element_type=\"column\">\n\t\t\t<div class=\"elementor-widget-wrap elementor-element-populated\">\n\t\t\t\t\t\t\t\t<div class=\"elementor-element elementor-element-dda8c72 elementor-widget elementor-widget-text-editor\" data-id=\"dda8c72\" data-element_type=\"widget\" data-widget_type=\"text-editor.default\">\n\t\t\t\t<div class=\"elementor-widget-container\">\n\t\t\t\t\t<div class=\"elementor-text-editor elementor-clearfix\"><p><span style=\"font-family: inherit; transition-duration: 1s; color: #dd3333; font-size: 36px; font-weight: bold; text-align: center; text-transform: uppercase;\"><br><\/span><\/p>\n<p><span style=\"font-family: inherit; transition-duration: 1s; color: #dd3333; font-size: 36px; font-weight: bold; text-align: center; text-transform: uppercase;\"><br><\/span><\/p>\n<p><span style=\"font-family: inherit; transition-duration: 1s; color: rgb(221, 51, 51); font-size: 36px; font-weight: bold; text-align: center; text-transform: uppercase;\"><br><\/span><\/p>\n<p><span style=\"font-family: inherit; transition-duration: 1s; color: rgb(221, 51, 51); font-size: 36px; font-weight: bold; text-align: center; text-transform: uppercase;\"><br><\/span><\/p>\n<p><span style=\"font-family: inherit; transition-duration: 1s; color: rgb(221, 51, 51); font-size: 36px; font-weight: bold; text-align: center; text-transform: uppercase;\"><br><\/span><\/p>\n<p><span style=\"font-family: inherit; transition-duration: 1s; color: rgb(221, 51, 51); font-size: 36px; font-weight: bold; text-align: center; text-transform: uppercase;\"><br><\/span><\/p>\n<p><span style=\"font-family: inherit; transition-duration: 1s; color: rgb(221, 51, 51); font-size: 36px; font-weight: bold; text-align: center; text-transform: uppercase;\"><br><\/span><\/p>\n<p><span style=\"font-family: inherit; transition-duration: 1s; color: rgb(221, 51, 51); font-size: 36px; font-weight: bold; text-align: center; text-transform: uppercase;\"><br><\/span><\/p>\n<p><span style=\"font-family: inherit; transition-duration: 1s; color: rgb(221, 51, 51); font-size: 36px; font-weight: bold; text-align: center; text-transform: uppercase;\"><br><\/span><\/p>\n<p><span style=\"font-family: inherit; transition-duration: 1s; color: rgb(221, 51, 51); font-size: 36px; font-weight: bold; text-align: center; text-transform: uppercase;\"><br><\/span><\/p>\n<p><span style=\"font-family: inherit; transition-duration: 1s; color: rgb(221, 51, 51); font-size: 36px; font-weight: bold; text-align: center; text-transform: uppercase;\"><br><\/span><\/p>\n<p><span style=\"font-family: inherit; transition-duration: 1s; color: rgb(221, 51, 51); font-size: 36px; font-weight: bold; text-align: center; text-transform: uppercase;\"><br><\/span><\/p>\n<p><span style=\"font-family: inherit; transition-duration: 1s; color: rgb(221, 51, 51); font-size: 36px; font-weight: bold; text-align: center; text-transform: uppercase;\"><br><\/span><\/p>\n<p><span style=\"font-family: inherit; transition-duration: 1s; color: rgb(221, 51, 51); font-size: 36px; font-weight: bold; text-align: center; text-transform: uppercase;\"><br><\/span><\/p>\n<p><span style=\"font-family: inherit; transition-duration: 1s; color: rgb(221, 51, 51); font-size: 36px; font-weight: bold; text-align: center; text-transform: uppercase;\"><br><\/span><\/p>\n<p><span style=\"font-family: inherit; transition-duration: 1s; color: rgb(221, 51, 51); font-size: 36px; font-weight: bold; text-align: center; text-transform: uppercase;\"><br><\/span><\/p>\n<p><span style=\"font-family: inherit; transition-duration: 1s; color: rgb(221, 51, 51); font-size: 36px; font-weight: bold; text-align: center; text-transform: uppercase;\"><br><\/span><\/p>\n<p><span style=\"font-family: inherit; transition-duration: 1s; color: rgb(221, 51, 51); font-size: 36px; font-weight: bold; text-align: center; text-transform: uppercase;\"><br><\/span><\/p>\n<p><span style=\"font-family: inherit; transition-duration: 1s; color: rgb(221, 51, 51); font-size: 36px; font-weight: bold; text-align: center; text-transform: uppercase;\"><br><\/span><\/p>\n<p><span style=\"font-family: inherit; transition-duration: 1s; color: rgb(221, 51, 51); font-size: 36px; font-weight: bold; text-align: center; text-transform: uppercase;\"><br><\/span><\/p>\n<p><span style=\"font-family: inherit; transition-duration: 1s; color: rgb(221, 51, 51); font-size: 36px; font-weight: bold; text-align: center; text-transform: uppercase;\"><br><\/span><\/p>\n<p><span style=\"font-family: inherit; transition-duration: 1s; color: rgb(221, 51, 51); font-size: 36px; font-weight: bold; text-align: center; text-transform: uppercase;\"><br><\/span><\/p>\n<p><span style=\"font-family: inherit; transition-duration: 1s; color: rgb(221, 51, 51); font-size: 36px; font-weight: bold; text-align: center; text-transform: uppercase;\"><br><\/span><\/p><p><span style=\"font-family: inherit; transition-duration: 1s; color: rgb(221, 51, 51); font-size: 36px; font-weight: bold; text-align: center; text-transform: uppercase;\"><br><\/span><\/p><p><span style=\"font-family: inherit; transition-duration: 1s; color: rgb(221, 51, 51); font-size: 36px; font-weight: bold; text-align: center; text-transform: uppercase;\"><br><\/span><\/p><p><span style=\"font-family: inherit; transition-duration: 1s; color: rgb(221, 51, 51); font-size: 36px; font-weight: bold; text-align: center; text-transform: uppercase;\">SOBRE A ENERGIA SOLAR&nbsp;<\/span><\/p>\n<p><span style=\"font-family: inherit; font-size: 20px; font-weight: bold; text-align: left;\">A energia solar j\u00e1 \u00e9 utilizada em muitos pa\u00edses h\u00e1 muitos anos e j\u00e1 est\u00e1 consolidada como uma energia barata (pois \u00e9 recebida de gra\u00e7a). E agora&nbsp; est\u00e1 chegando com mais for\u00e7a ao&nbsp; Brasil&nbsp;<\/span><span style=\"font-family: inherit; font-size: 20px; font-weight: bold; text-align: left;\">e voc\u00ea pode ser beneficiado por&nbsp; isso.&nbsp; &nbsp; &nbsp;<\/span><\/p><\/div>\n\t\t\t\t<\/div>\n\t\t\t\t<\/div>\n\t\t\t\t\t<\/div>\n\t\t<\/div>\n\t\t\t\t\t\t\t<\/div>\n\t\t<\/section>\n\t\t\t\t<section class=\"elementor-section elementor-top-section elementor-element elementor-element-c98dc32 elementor-section-height-min-height elementor-section-boxed elementor-section-height-default elementor-section-items-middle\" data-id=\"c98dc32\" data-element_type=\"section\">\n\t\t\t\t\t\t<div class=\"elementor-container elementor-column-gap-default\">\n\t\t\t\t\t<div class=\"elementor-column elementor-col-50 elementor-top-column elementor-element elementor-element-d09ef61\" data-id=\"d09ef61\" data-element_type=\"column\">\n\t\t\t<div class=\"elementor-widget-wrap elementor-element-populated\">\n\t\t\t\t\t\t\t\t<div class=\"elementor-element elementor-element-dcd0178 elementor-widget elementor-widget-text-editor\" data-id=\"dcd0178\" data-element_type=\"widget\" data-widget_type=\"text-editor.default\">\n\t\t\t\t<div class=\"elementor-widget-container\">\n\t\t\t\t\t<div class=\"elementor-text-editor elementor-clearfix\"><p><img loading=\"lazy\" class=\"wp-image-5838\" style=\"color: #f3eded; font-size: 1px;\" src=\"https:\/\/vwthemesdemo.com\/ibtana_json\/free_theme\/vw_solar_energy\/about.png\" alt=\"\" width=\"474\" height=\"257\" \/>\u00a0 \u00a0 \u00a0<\/p>\n<p><span style=\"color: #1e73be; font-family: inherit; font-size: 35px; font-weight: bold;\">EFICAZ\u00a0 \u00a0 \u00a0 \u00a0 \u00a0 \u00a0 \u00a0 \u00a0 \u00a0 \u00a0 \u00a0 \u00a0 \u00a0 \u00a0<\/span><span style=\"font-family: inherit; font-size: 20px; font-weight: bold; text-align: left;\">A energia fotovoltaica \u00e9 eficaz porque seria de alguma maneira desperdi\u00e7ada no aquecimento da superf\u00edcie terrestre e n\u00e3o poderia ser usada para outra aplica\u00e7\u00e3o, n\u00e3o fossem os pain\u00e9is solares e equipamentos utilizados em cada gerador.<\/span><\/p>\n<div class=\"wp-block-columns vw-free-solar-energy about-section py-5\">\n<div class=\"wp-block-column service-section mt-md-0 mt-4\">\n<div class=\"wp-block-columns\">\n<p><!-- wp:column {\"width\":\"80%\"} --><\/p>\n<div class=\"wp-block-column\" style=\"flex-basis: 80%;\">\n<p><!-- wp:ive\/ibtana-visual-editorheading {\"headContent\":\"Limpa\",\"level\":3,\"uniqueID\":\"_d1fee6-93\",\"deskalign\":\"left\",\"tabalign\":\"left\",\"letterSpacing\":0,\"typography\":\"Raleway\",\"googleFont\":true,\"fontSubset\":\"latin\",\"fontVariant\":\"700\",\"fontWeight\":\"700\",\"bottomMargin\":10,\"deskfontSize\":18,\"tabfontSize\":18,\"mobfontSize\":18} --><\/p>\n<\/div>\n<\/div>\n<\/div>\n<p><!-- \/wp:column --><\/p>\n<p>\u00a0<\/p>\n<\/div>\n<p><!-- \/wp:columns --><\/p><\/div>\n\t\t\t\t<\/div>\n\t\t\t\t<\/div>\n\t\t\t\t\t<\/div>\n\t\t<\/div>\n\t\t\t\t<div class=\"elementor-column elementor-col-50 elementor-top-column elementor-element elementor-element-0fa7fe0\" data-id=\"0fa7fe0\" data-element_type=\"column\">\n\t\t\t<div class=\"elementor-widget-wrap elementor-element-populated\">\n\t\t\t\t\t\t\t\t<div class=\"elementor-element elementor-element-606dc56 elementor-widget elementor-widget-text-editor\" data-id=\"606dc56\" data-element_type=\"widget\" data-widget_type=\"text-editor.default\">\n\t\t\t\t<div class=\"elementor-widget-container\">\n\t\t\t\t\t<div class=\"elementor-text-editor elementor-clearfix\"><p><\/p>\n<div>\n<div>\n<p><span style=\"color: #dd3333; font-family: inherit; font-size: 36px; font-weight: bold; text-align: center; text-transform: uppercase;\"><br><\/span><\/p><p><span style=\"color: #dd3333; font-family: inherit; font-size: 36px; font-weight: bold; text-align: center; text-transform: uppercase;\">barata<\/span><\/p>\n<p><span style=\"font-family: inherit; font-size: 20px; font-weight: bold; text-align: left;\">A energia fotovoltaica \u00e9 barata porque a energia recebida atrav\u00e9s dos raios solares na superf\u00edcie da terra de forma gratuita pode sempre ser transformada em eletricidade que poder\u00e1 ser consumida em sua casa ou sua empresa.<\/span><\/p>\n<p><span style=\"color: #dd3333; font-family: inherit; font-size: 36px; font-weight: bold; text-align: center; text-transform: uppercase;\">&nbsp;<\/span><\/p>\n<p><span style=\"color: #dd3333; font-family: inherit; font-size: 36px; font-weight: bold; text-align: center; text-transform: uppercase;\">LIMPA<\/span><\/p>\n<div>\n<div style=\"flex-basis: 80%;\">\n<p><b style=\"font-family: inherit; font-size: 20px; text-align: left;\">A energia fotovoltaica \u00e9 limpa porque n\u00e3o existe consumo de combust\u00edveis f\u00f3sseis, o que a faz ser a menos poluente em qualquer localidade em que esteja sendo utilizada.<\/b><\/p>\n<\/div>\n<\/div>\n<div>\n<div style=\"flex-basis: 80%;\">\n<div>\n<div>\n<h1>&nbsp;<\/h1>\n<\/div>\n<\/div>\n<p><!-- \/wp:ive\/ibtana-visual-editorheading --><\/p>\n<\/div>\n<p><!-- \/wp:column --><\/p>\n<\/div>\n<p><!-- \/wp:columns --><\/p>\n<\/div>\n<p><!-- \/wp:column --><\/p>\n<\/div>\n<p><!-- \/wp:columns --><\/p><\/div>\n\t\t\t\t<\/div>\n\t\t\t\t<\/div>\n\t\t\t\t\t<\/div>\n\t\t<\/div>\n\t\t\t\t\t\t\t<\/div>\n\t\t<\/section>\n\t\t\t\t\t\t<\/div>\n\t\t\t\t\t<\/div>\n\t\t","protected":false},"excerpt":{"rendered":"<p>SOBRE A ENERGIA SOLAR&nbsp; A energia solar j\u00e1 \u00e9 utilizada em muitos pa\u00edses h\u00e1 muitos anos e j\u00e1 est\u00e1 consolidada como uma energia barata (pois \u00e9 recebida de gra\u00e7a). E agora&nbsp; est\u00e1 chegando com mais for\u00e7a ao&nbsp; Brasil&nbsp;e voc\u00ea pode ser beneficiado por&nbsp; isso.&nbsp; &nbsp; &nbsp; \u00a0 \u00a0 \u00a0 EFICAZ\u00a0 \u00a0 \u00a0 \u00a0 \u00a0 \u00a0 [&hellip;]<\/p>\n","protected":false},"author":1,"featured_media":0,"parent":0,"menu_order":0,"comment_status":"closed","ping_status":"closed","template":"","meta":{"_regular_price":[],"currency_symbol":[],"om_disable_all_campaigns":false,"_monsterinsights_skip_tracking":false,"_monsterinsights_sitenote_active":false,"_monsterinsights_sitenote_note":"","_monsterinsights_sitenote_category":0},"post_slider_layout_featured_media_urls":{"thumbnail":"","post_slider_layout_landscape_large":"","post_slider_layout_portrait_large":"","post_slider_layout_square_large":"","post_slider_layout_landscape":"","post_slider_layout_portrait":"","post_slider_layout_square":"","full":""},"_links":{"self":[{"href":"https:\/\/solarengine.com.br\/index.php\/wp-json\/wp\/v2\/pages\/52"}],"collection":[{"href":"https:\/\/solarengine.com.br\/index.php\/wp-json\/wp\/v2\/pages"}],"about":[{"href":"https:\/\/solarengine.com.br\/index.php\/wp-json\/wp\/v2\/types\/page"}],"author":[{"embeddable":true,"href":"https:\/\/solarengine.com.br\/index.php\/wp-json\/wp\/v2\/users\/1"}],"replies":[{"embeddable":true,"href":"https:\/\/solarengine.com.br\/index.php\/wp-json\/wp\/v2\/comments?post=52"}],"version-history":[{"count":90,"href":"https:\/\/solarengine.com.br\/index.php\/wp-json\/wp\/v2\/pages\/52\/revisions"}],"predecessor-version":[{"id":283,"href":"https:\/\/solarengine.com.br\/index.php\/wp-json\/wp\/v2\/pages\/52\/revisions\/283"}],"wp:attachment":[{"href":"https:\/\/solarengine.com.br\/index.php\/wp-json\/wp\/v2\/media?parent=52"}],"curies":[{"name":"wp","href":"https:\/\/api.w.org\/{rel}","templated":true}]}}